{"id":19,"date":"2011-04-30T21:38:24","date_gmt":"2011-04-30T21:38:24","guid":{"rendered":"http:\/\/localhost\/wp\/?page_id=19"},"modified":"2019-11-23T06:31:23","modified_gmt":"2019-11-23T11:31:23","slug":"developpement-web","status":"publish","type":"page","link":"https:\/\/dev.atlphotography.net\/atlservices\/services\/developpement-web\/","title":{"rendered":"Int\u00e9gration Web"},"content":{"rendered":"<ul>\n<li>Vous avez besoin de refaire votre site Web existant?<\/li>\n<li>Vous avez besoin d&#8217;avoir un site Internet pour vos besoins\u00a0professionnels, pour des services que vous proposez, pour avoir une visibilit\u00e9 et pr\u00e9sence Internet \u00e0 votre image et personnalis\u00e9 et personnalisable?<\/li>\n<li>Vous avez d&#8217;avoir un ou des sites suppl\u00e9mentaires pour \u00e9largir votre horizon d&#8217;affaires?<\/li>\n<li>Vous cherchez une solution pour avoir un site Web \u00e0 moindre\u00a0co\u00fbt?<\/li>\n<li>Vous voulez pouvoir g\u00e9rer plus tard vous-m\u00eames\u00a0le contenu de votre site Internet?<\/li>\n<\/ul>\n<p>J&#8217;ai surement une <strong>solution <\/strong>adapt\u00e9e pour vous.<\/p>\n<p>Je serais <strong>\u00e0 votre\u00a0\u00e9coute<\/strong>\u00a0pour\u00a0\u00e9tudier\u00a0avec vous vos <strong>besoins<\/strong>, cadrer et recadrer ce qui serait <strong>le plus adapt\u00e9<\/strong> en fonction de vos besoins, vos buts, d\u00e9lais et budget fix\u00e9s.<\/p>\n<p>Nous \u00e9tablirons <strong>ensemble <\/strong>un plan d&#8217;actions, cahier des charges jusqu&#8217;\u00e0 la\u00a0r\u00e9alisation\u00a0effective de votre site Web, ferons ensemble les modifications et ajustements necessaires pour arriver aux meilleurs\u00a0r\u00e9sultats\u00a0possibles correspondant \u00e0 vos attentes.<\/p>\n<p>Je vous formerais pour que vous soyez autonome et puissiez utiliser vous-m\u00eames\u00a0les outils mis en place, pour publier et changer le contenu sur votre site Web. Le cas\u00a0\u00e9ch\u00e9ant, je vous donnerais tous les\u00a0mat\u00e9riels\/documents\u00a0n\u00e9cessaires\u00a0pour maintenir votre site dans bien des cas.<\/p>\n<p>Je serais disponible pour\u00a0r\u00e9pondre\u00a0\u00e0 toutes vos questions et vous aider\u00a0apr\u00e8s\u00a0la mise en production de votre site Web, pour ainsi dire tout au long et bien apr\u00e8s les processus.<\/p>\n<p>Avec mes nombreuses ann\u00e9es de partique et de part mon m\u00e9tier en Informatique, j&#8217;ai plusieurs ann\u00e9es\u00a0d\u2019exp\u00e9rience\u00a0en\u00a0d\u00e9veloppement\u00a0Web avec des technologies\u00a0diff\u00e9rentes.<\/p>\n<p>Voici quelques unes de mes r\u00e9alisations et participations Web:<\/p>\n<table style=\"width: 100%;\" border=\"0\" cellspacing=\"5\" cellpadding=\"0\">\n<tbody>\n<tr>\n<td>Collectif&#8217;D<\/td>\n<td><a href=\"http:\/\/www.lisedesign.com\/\">http:\/\/www.lisedesign.com\/<\/a><\/td>\n<\/tr>\n<tr>\n<td>L&#8217;association Objectif Quebec<\/td>\n<td><a href=\"http:\/\/objectifquebec.org\/\">http:\/\/objectifquebec.org\/<\/a><\/td>\n<\/tr>\n<tr>\n<td>Club de photo-video de l&#8217;Union Francaise<\/td>\n<td><a href=\"http:\/\/ufclubpv.no-ip.org\/\">http:\/\/ufclubpv.no-ip.org\/<\/a><\/td>\n<\/tr>\n<tr>\n<td>Courtier immobilier hypoth\u00e9caire<\/td>\n<td><a href=\"http:\/\/demandehypotheque.com\/\">http:\/\/demandehypotheque.com\/<\/a><\/td>\n<\/tr>\n<\/tbody>\n<\/table>\n","protected":false},"excerpt":{"rendered":"<p>Vous avez besoin de refaire votre site Web existant? Vous avez besoin d&#8217;avoir un site Internet pour vos besoins\u00a0professionnels, pour des services que vous proposez, pour avoir une visibilit\u00e9 et pr\u00e9sence Internet \u00e0 votre image et personnalis\u00e9 et personnalisable? Vous avez d&#8217;avoir un ou des sites suppl\u00e9mentaires pour \u00e9largir votre horizon d&#8217;affaires? Vous cherchez une [&hellip;]<\/p>\n","protected":false},"author":1,"featured_media":0,"parent":7,"menu_order":0,"comment_status":"closed","ping_status":"closed","template":"","meta":{"footnotes":""},"class_list":["post-19","page","type-page","status-publish","hentry"],"_links":{"self":[{"href":"https:\/\/dev.atlphotography.net\/atlservices\/wp-json\/wp\/v2\/pages\/19","targetHints":{"allow":["GET"]}}],"collection":[{"href":"https:\/\/dev.atlphotography.net\/atlservices\/wp-json\/wp\/v2\/pages"}],"about":[{"href":"https:\/\/dev.atlphotography.net\/atlservices\/wp-json\/wp\/v2\/types\/page"}],"author":[{"embeddable":true,"href":"https:\/\/dev.atlphotography.net\/atlservices\/wp-json\/wp\/v2\/users\/1"}],"replies":[{"embeddable":true,"href":"https:\/\/dev.atlphotography.net\/atlservices\/wp-json\/wp\/v2\/comments?post=19"}],"version-history":[{"count":8,"href":"https:\/\/dev.atlphotography.net\/atlservices\/wp-json\/wp\/v2\/pages\/19\/revisions"}],"predecessor-version":[{"id":127,"href":"https:\/\/dev.atlphotography.net\/atlservices\/wp-json\/wp\/v2\/pages\/19\/revisions\/127"}],"up":[{"embeddable":true,"href":"https:\/\/dev.atlphotography.net\/atlservices\/wp-json\/wp\/v2\/pages\/7"}],"wp:attachment":[{"href":"https:\/\/dev.atlphotography.net\/atlservices\/wp-json\/wp\/v2\/media?parent=19"}],"curies":[{"name":"wp","href":"https:\/\/api.w.org\/{rel}","templated":true}]}}