{"id":2,"date":"2011-05-02T03:47:59","date_gmt":"2011-05-02T03:47:59","guid":{"rendered":"http:\/\/dev.atlphotography.net\/atlservices\/?page_id=2"},"modified":"2011-05-02T03:47:59","modified_gmt":"2011-05-02T03:47:59","slug":"page-d-exemple","status":"publish","type":"page","link":"https:\/\/dev.atlphotography.net\/atlservices\/page-d-exemple\/","title":{"rendered":"Page d&rsquo;exemple"},"content":{"rendered":"<p>Voici un exemple de page. Elle est diff\u00e9rente d&#8217;un article de blog, en cela qu&#8217;elle restera \u00e0 la m\u00eame place, et s&#8217;affichera dans le menu de navigation de votre site (en fonction de votre th\u00e8me). La plupart des gens commencent par \u00e9crire une page &laquo;&nbsp;\u00c0 Propos&nbsp;&raquo; qui les pr\u00e9sente aux visiteurs potentiels du site. Vous pourriez y \u00e9crire quelque chose de ce tenant&nbsp;:<\/p>\n<blockquote><p>Bonjour&nbsp;! Je suis un m\u00e9canicien qui aspire \u00e0 devenir un acteur, et ceci est mon blog. J&#8217;habite \u00e0 Bordeaux, j&#8217;ai un super chien baptis\u00e9 Russell, et j&#8217;aime la vodka-ananas (ainsi que perdre mon temps \u00e0 regarder la pluie tomber).<\/p><\/blockquote>\n<p>&#8230;ou bien quelque chose comme \u00e7a&nbsp;:<\/p>\n<blockquote><p>La soci\u00e9t\u00e9 123 Machin Truc a \u00e9t\u00e9 cr\u00e9\u00e9e en 1971, et n&#8217;a cess\u00e9 de proposer au public des machins-trucs de qualit\u00e9 depuis cette ann\u00e9e. Situ\u00e9e \u00e0 Saint-Remy-en-Bouzemont-Saint-Genest-et-Isson, 123 Machin Truc emploie 2&nbsp;000 personnes, et fabrique toutes sortes de bidules super pour la communaut\u00e9 bouzemontoise.<\/p><\/blockquote>\n<p>Etant donn\u00e9 que vous \u00eates un nouvel utilisateur de WordPress, vous devriez vous rendre sur votre <a href=\"https:\/\/dev.atlphotography.net\/atlservices\/wp-admin\/\">tableau de bord<\/a> pour effacer la pr\u00e9sente page, et cr\u00e9er de nouvelles pages avec votre propre contenu. Amusez-vous bien&nbsp;!<\/p>\n","protected":false},"excerpt":{"rendered":"<p>Voici un exemple de page. Elle est diff\u00e9rente d&#8217;un article de blog, en cela qu&#8217;elle restera \u00e0 la m\u00eame place, et s&#8217;affichera dans le menu de navigation de votre site (en fonction de votre th\u00e8me). La plupart des gens commencent par \u00e9crire une page &laquo;&nbsp;\u00c0 Propos&nbsp;&raquo; qui les pr\u00e9sente aux visiteurs potentiels du site. Vous [&hellip;]<\/p>\n","protected":false},"author":1,"featured_media":0,"parent":0,"menu_order":0,"comment_status":"open","ping_status":"open","template":"","meta":{"footnotes":""},"class_list":["post-2","page","type-page","status-publish","hentry"],"_links":{"self":[{"href":"https:\/\/dev.atlphotography.net\/atlservices\/wp-json\/wp\/v2\/pages\/2","targetHints":{"allow":["GET"]}}],"collection":[{"href":"https:\/\/dev.atlphotography.net\/atlservices\/wp-json\/wp\/v2\/pages"}],"about":[{"href":"https:\/\/dev.atlphotography.net\/atlservices\/wp-json\/wp\/v2\/types\/page"}],"author":[{"embeddable":true,"href":"https:\/\/dev.atlphotography.net\/atlservices\/wp-json\/wp\/v2\/users\/1"}],"replies":[{"embeddable":true,"href":"https:\/\/dev.atlphotography.net\/atlservices\/wp-json\/wp\/v2\/comments?post=2"}],"version-history":[{"count":0,"href":"https:\/\/dev.atlphotography.net\/atlservices\/wp-json\/wp\/v2\/pages\/2\/revisions"}],"wp:attachment":[{"href":"https:\/\/dev.atlphotography.net\/atlservices\/wp-json\/wp\/v2\/media?parent=2"}],"curies":[{"name":"wp","href":"https:\/\/api.w.org\/{rel}","templated":true}]}}