{"id":21,"date":"2011-04-30T21:38:50","date_gmt":"2011-04-30T21:38:50","guid":{"rendered":"http:\/\/localhost\/wp\/?page_id=21"},"modified":"2019-11-23T07:46:24","modified_gmt":"2019-11-23T12:46:24","slug":"photographie","status":"publish","type":"page","link":"https:\/\/dev.atlphotography.net\/atlservices\/services\/photographie\/","title":{"rendered":"Photographie"},"content":{"rendered":"<p>Pratiquant la photographie de\u00a0mani\u00e8re\u00a0s\u00e9rieuse\u00a0et\u00a0assid\u00fbment\u00a0depuis\u00a0d\u00e9but\u00a0des ann\u00e9es 2000, j&#8217;ai eu l&#8217;occasion de faire de la photo dans divers domaines: de la macro jusqu&#8217;\u00e0 la photographie avec mod\u00e8les, en passant par les paysages, la photo animali\u00e8re, de reportage,\u00a0\u00e9v\u00e8nements\u00a0et concerts.<\/p>\n<p>En participant \u00e0 des forums de discussion, des rencontres photographiques, des stages, des salons, et en \u00e9tudiant dans des livres et magazines, j&#8217;ai acquis au fil des ann\u00e9es des techniques, des connaissances et des\u00a0mat\u00e9riels\u00a0n\u00e9cessaires\u00a0qui me permettent de r\u00e9aliser la plupart des types de photographie.<\/p>\n<p>Pour peu que vous ayez besoin d&#8217;avoir des photos pour vous-m\u00eames, votre entourage, votre entreprise, &#8230; je peux\u00a0\u00eatre\u00a0celui qui pourra combler vos besoins.<\/p>\n<p>Consultez mes travaux en photographie sur mon site officiel @ <strong><a href=\"http:\/\/atlphotogrphy.net\" target=\"_blank\">ATL Photography<\/a><\/strong>.<\/p>\n","protected":false},"excerpt":{"rendered":"<p>Pratiquant la photographie de\u00a0mani\u00e8re\u00a0s\u00e9rieuse\u00a0et\u00a0assid\u00fbment\u00a0depuis\u00a0d\u00e9but\u00a0des ann\u00e9es 2000, j&#8217;ai eu l&#8217;occasion de faire de la photo dans divers domaines: de la macro jusqu&#8217;\u00e0 la photographie avec mod\u00e8les, en passant par les paysages, la photo animali\u00e8re, de reportage,\u00a0\u00e9v\u00e8nements\u00a0et concerts. En participant \u00e0 des forums de discussion, des rencontres photographiques, des stages, des salons, et en \u00e9tudiant dans des [&hellip;]<\/p>\n","protected":false},"author":1,"featured_media":0,"parent":7,"menu_order":0,"comment_status":"closed","ping_status":"closed","template":"","meta":{"footnotes":""},"class_list":["post-21","page","type-page","status-publish","hentry"],"_links":{"self":[{"href":"https:\/\/dev.atlphotography.net\/atlservices\/wp-json\/wp\/v2\/pages\/21","targetHints":{"allow":["GET"]}}],"collection":[{"href":"https:\/\/dev.atlphotography.net\/atlservices\/wp-json\/wp\/v2\/pages"}],"about":[{"href":"https:\/\/dev.atlphotography.net\/atlservices\/wp-json\/wp\/v2\/types\/page"}],"author":[{"embeddable":true,"href":"https:\/\/dev.atlphotography.net\/atlservices\/wp-json\/wp\/v2\/users\/1"}],"replies":[{"embeddable":true,"href":"https:\/\/dev.atlphotography.net\/atlservices\/wp-json\/wp\/v2\/comments?post=21"}],"version-history":[{"count":4,"href":"https:\/\/dev.atlphotography.net\/atlservices\/wp-json\/wp\/v2\/pages\/21\/revisions"}],"predecessor-version":[{"id":143,"href":"https:\/\/dev.atlphotography.net\/atlservices\/wp-json\/wp\/v2\/pages\/21\/revisions\/143"}],"up":[{"embeddable":true,"href":"https:\/\/dev.atlphotography.net\/atlservices\/wp-json\/wp\/v2\/pages\/7"}],"wp:attachment":[{"href":"https:\/\/dev.atlphotography.net\/atlservices\/wp-json\/wp\/v2\/media?parent=21"}],"curies":[{"name":"wp","href":"https:\/\/api.w.org\/{rel}","templated":true}]}}