{"id":23,"date":"2011-04-30T21:39:26","date_gmt":"2011-04-30T21:39:26","guid":{"rendered":"http:\/\/localhost\/wp\/?page_id=23"},"modified":"2011-04-30T21:39:26","modified_gmt":"2011-04-30T21:39:26","slug":"assistance-informatique","status":"publish","type":"page","link":"https:\/\/dev.atlphotography.net\/atlservices\/services\/assistance-informatique\/","title":{"rendered":"Assistance Informatique"},"content":{"rendered":"<p>L&#8217;Informatique est mon principal m\u00e9tier et le support technique en fait partie pendant de longues ann\u00e9es.<\/p>\n<p>J&#8217;ai \u00e9t\u00e9 pendant longtemps et encore\u00a0r\u00e9cemment\u00a0technicien en support pour toute sorte d&#8217;utilisateurs, dans des environnements de travail divers et vari\u00e9s.<\/p>\n<p>Je suis capable de travailler aussi bien avec des postes de travail sous Windows (de XP \u00e0 Windows 7, en passant par VISTA ou encore 2000), avec la suite Microsoft Office (toute version), que Linux (principalement les distributions Ubuntu, Fedora Core) ou encore Mac OS X, ou encore des serveurs, l\u00e0 encore sous Windows, Linux ou Mac OS X.<\/p>\n<p>Sur simple RDV, je peux vous aider \u00e0 distance dans les taches les plus communes, et quand les conditions le permettent (vitesse de connexion,\u00a0\u00e9tat\u00a0de votre machine), et dans les cas ou la prise de controle n&#8217;est pas faisable, je peux me\u00a0d\u00e9placer\u00a0et vous assister sur place.<\/p>\n","protected":false},"excerpt":{"rendered":"<p>L&#8217;Informatique est mon principal m\u00e9tier et le support technique en fait partie pendant de longues ann\u00e9es. J&#8217;ai \u00e9t\u00e9 pendant longtemps et encore\u00a0r\u00e9cemment\u00a0technicien en support pour toute sorte d&#8217;utilisateurs, dans des environnements de travail divers et vari\u00e9s. Je suis capable de travailler aussi bien avec des postes de travail sous Windows (de XP \u00e0 Windows 7, [&hellip;]<\/p>\n","protected":false},"author":1,"featured_media":0,"parent":7,"menu_order":0,"comment_status":"closed","ping_status":"closed","template":"","meta":{"footnotes":""},"class_list":["post-23","page","type-page","status-publish","hentry"],"_links":{"self":[{"href":"https:\/\/dev.atlphotography.net\/atlservices\/wp-json\/wp\/v2\/pages\/23","targetHints":{"allow":["GET"]}}],"collection":[{"href":"https:\/\/dev.atlphotography.net\/atlservices\/wp-json\/wp\/v2\/pages"}],"about":[{"href":"https:\/\/dev.atlphotography.net\/atlservices\/wp-json\/wp\/v2\/types\/page"}],"author":[{"embeddable":true,"href":"https:\/\/dev.atlphotography.net\/atlservices\/wp-json\/wp\/v2\/users\/1"}],"replies":[{"embeddable":true,"href":"https:\/\/dev.atlphotography.net\/atlservices\/wp-json\/wp\/v2\/comments?post=23"}],"version-history":[{"count":0,"href":"https:\/\/dev.atlphotography.net\/atlservices\/wp-json\/wp\/v2\/pages\/23\/revisions"}],"up":[{"embeddable":true,"href":"https:\/\/dev.atlphotography.net\/atlservices\/wp-json\/wp\/v2\/pages\/7"}],"wp:attachment":[{"href":"https:\/\/dev.atlphotography.net\/atlservices\/wp-json\/wp\/v2\/media?parent=23"}],"curies":[{"name":"wp","href":"https:\/\/api.w.org\/{rel}","templated":true}]}}