{"id":7,"date":"2011-04-30T21:33:46","date_gmt":"2011-04-30T21:33:46","guid":{"rendered":"http:\/\/localhost\/wp\/?page_id=4"},"modified":"2011-04-30T21:33:46","modified_gmt":"2011-04-30T21:33:46","slug":"services","status":"publish","type":"page","link":"https:\/\/dev.atlphotography.net\/atlservices\/services\/","title":{"rendered":"Services"},"content":{"rendered":"<p>D\u00e9pendamment de vos besoins, projets et budget, je saurais m&#8217;adapter et m&#8217;ajuster pour vous offrir la meilleure des solutions possible pour vous\u00a0r\u00e9pondre.<\/p>\n<p>Pour faire votre site web, je peux vous assister \u00e0 r\u00e9server votre nom de domaine, faire un choix sur l&#8217;h\u00e9bergeur de votre site Internet, vous d\u00e9velopper au meilleur\u00a0co\u00fbt, int\u00e9grer au mieux votre contenus et vous conseiller selon votre personnalit\u00e9.<\/p>\n<p>Pour vos besoins informatiques, je peux vous\u00a0d\u00e9panner\/assister a\u00a0distance\u00a0ou sur place, pour\u00a0r\u00e9soudre\u00a0la plupart des\u00a0probl\u00e8mes\u00a0informatiques domestiques\/bureautiques usuelles ou autres\u00a0probl\u00e8mes r\u00e9seautiques de chez vous ou de votre entreprise (SOHO &amp; PME).<\/p>\n<p>Pour la photographie, ma passion et\u00a0exp\u00e9rience\u00a0en la\u00a0mati\u00e8re\u00a0peut vous servir pour immortaliser toute personne ou choses qui vous tiennent \u00e0 coeur: portraits ou bureaux, en passant par tout objet de valeur pour vos utilisations personnelles ou corporatives.<\/p>\n<p>&nbsp;<\/p>\n","protected":false},"excerpt":{"rendered":"<p>D\u00e9pendamment de vos besoins, projets et budget, je saurais m&#8217;adapter et m&#8217;ajuster pour vous offrir la meilleure des solutions possible pour vous\u00a0r\u00e9pondre. Pour faire votre site web, je peux vous assister \u00e0 r\u00e9server votre nom de domaine, faire un choix sur l&#8217;h\u00e9bergeur de votre site Internet, vous d\u00e9velopper au meilleur\u00a0co\u00fbt, int\u00e9grer au mieux votre contenus [&hellip;]<\/p>\n","protected":false},"author":1,"featured_media":0,"parent":0,"menu_order":0,"comment_status":"closed","ping_status":"closed","template":"","meta":{"footnotes":""},"class_list":["post-7","page","type-page","status-publish","hentry"],"_links":{"self":[{"href":"https:\/\/dev.atlphotography.net\/atlservices\/wp-json\/wp\/v2\/pages\/7","targetHints":{"allow":["GET"]}}],"collection":[{"href":"https:\/\/dev.atlphotography.net\/atlservices\/wp-json\/wp\/v2\/pages"}],"about":[{"href":"https:\/\/dev.atlphotography.net\/atlservices\/wp-json\/wp\/v2\/types\/page"}],"author":[{"embeddable":true,"href":"https:\/\/dev.atlphotography.net\/atlservices\/wp-json\/wp\/v2\/users\/1"}],"replies":[{"embeddable":true,"href":"https:\/\/dev.atlphotography.net\/atlservices\/wp-json\/wp\/v2\/comments?post=7"}],"version-history":[{"count":0,"href":"https:\/\/dev.atlphotography.net\/atlservices\/wp-json\/wp\/v2\/pages\/7\/revisions"}],"wp:attachment":[{"href":"https:\/\/dev.atlphotography.net\/atlservices\/wp-json\/wp\/v2\/media?parent=7"}],"curies":[{"name":"wp","href":"https:\/\/api.w.org\/{rel}","templated":true}]}}